{"id":493,"date":"2026-02-28T03:28:15","date_gmt":"2026-02-28T03:28:15","guid":{"rendered":"https:\/\/isbmmolding.com\/?page_id=493"},"modified":"2026-02-28T03:28:15","modified_gmt":"2026-02-28T03:28:15","slug":"contact-us","status":"publish","type":"page","link":"https:\/\/isbmmolding.com\/vi\/lien-he-voi-chung-toi\/","title":{"rendered":"Li\u00ean h\u1ec7 v\u1edbi ch\u00fang t\u00f4i"},"content":{"rendered":"<h2><strong>\u00c9p phun k\u00e9o gi\u00e3n th\u1ed5i khu\u00f4n<\/strong><\/h2>\n<p>L\u00e0 m\u1ed9t trong nh\u1eefng nh\u00e0 s\u1ea3n xu\u1ea5t, nh\u00e0 cung c\u1ea5p v\u00e0 xu\u1ea5t kh\u1ea9u h\u00e0ng \u0111\u1ea7u c\u00e1c s\u1ea3n ph\u1ea9m c\u01a1 kh\u00ed \u00e9p phun k\u00e9o gi\u00e3n th\u1ed5i (ISBM), ch\u00fang t\u00f4i cung c\u1ea5p c\u00e1c s\u1ea3n ph\u1ea9m \u00e9p phun k\u00e9o gi\u00e3n th\u1ed5i (ISBM) v\u00e0 nhi\u1ec1u s\u1ea3n ph\u1ea9m kh\u00e1c.<\/p>\n<p>Vui l\u00f2ng li\u00ean h\u1ec7 v\u1edbi ch\u00fang t\u00f4i \u0111\u1ec3 bi\u1ebft th\u00eam chi ti\u1ebft.<\/p>\n<p><strong>Th\u01b0:\u00a0<a href=\"mailto:sales@isbmmolding.com\">sales@isbmmolding.com<\/a><\/strong><\/p>\n<p>Nh\u00e0 s\u1ea3n xu\u1ea5t, nh\u00e0 cung c\u1ea5p, nh\u00e0 xu\u1ea5t kh\u1ea9u khu\u00f4n th\u1ed5i k\u00e9o gi\u00e3n phun (ISBM).<\/p>\n<p>&nbsp;<\/p>\n<p>Ch\u00fang t\u00f4i chuy\u00ean s\u1ea3n xu\u1ea5t h\u1ed9p s\u1ed1 n\u00f4ng nghi\u1ec7p, tr\u1ee5c PTO, b\u00e1nh r\u0103ng, kh\u1edbp n\u1ed1i th\u1ee7y l\u1ef1c, b\u1ed9 gi\u1ea3m t\u1ed1c b\u00e1nh r\u0103ng tr\u1ee5c v\u00edt, b\u00e1nh r\u0103ng v\u00e0 thanh r\u0103ng, x\u00edch con l\u0103n, r\u00f2ng r\u1ecdc v\u00e0 puly, h\u1ed9p s\u1ed1 h\u00e0nh tinh, puly \u0111\u1ecbnh th\u1eddi, v\u00f2ng \u0111\u1ec7m tr\u1ee5c v\u00e0 nhi\u1ec1u s\u1ea3n ph\u1ea9m kh\u00e1c.<\/p>\n<p>Ch\u00fang t\u00f4i \u0111\u00e3 xu\u1ea5t kh\u1ea9u s\u1ea3n ph\u1ea9m c\u1ee7a m\u00ecnh \u0111\u1ebfn kh\u00e1ch h\u00e0ng tr\u00ean to\u00e0n th\u1ebf gi\u1edbi v\u00e0 t\u1ea1o d\u1ef1ng \u0111\u01b0\u1ee3c uy t\u00edn t\u1ed1t nh\u1edd ch\u1ea5t l\u01b0\u1ee3ng s\u1ea3n ph\u1ea9m v\u01b0\u1ee3t tr\u1ed9i v\u00e0 d\u1ecbch v\u1ee5 h\u1eadu m\u00e3i chu \u0111\u00e1o.<\/p>\n<p>Ch\u00fang t\u00f4i nhi\u1ec7t li\u1ec7t ch\u00e0o \u0111\u00f3n kh\u00e1ch h\u00e0ng trong v\u00e0 ngo\u00e0i n\u01b0\u1edbc li\u00ean h\u1ec7 v\u1edbi ch\u00fang t\u00f4i \u0111\u1ec3 \u0111\u00e0m ph\u00e1n kinh doanh, trao \u0111\u1ed5i th\u00f4ng tin v\u00e0 h\u1ee3p t\u00e1c.<\/p>","protected":false},"excerpt":{"rendered":"<p>Injection Stretch Blow Moulding As one of the leading injection stretch blow moulding (ISBM) manufacturers, suppliers, and exporters of mechanical products, We offer injection stretch blow moulding (ISBM) and many other products. Please contact us for details. Mail:\u00a0sales@isbmmolding.com Manufacturer supplier exporter of injection stretch blow moulding (ISBM). &nbsp; We specialize in the production of Agricultural [&hellip;]<\/p>","protected":false},"author":1,"featured_media":0,"parent":0,"menu_order":0,"comment_status":"closed","ping_status":"closed","template":"","meta":{"_et_pb_use_builder":"","_et_pb_old_content":"","_et_gb_content_width":"","footnotes":""},"class_list":["post-493","page","type-page","status-publish","hentry"],"_links":{"self":[{"href":"https:\/\/isbmmolding.com\/vi\/wp-json\/wp\/v2\/pages\/493","targetHints":{"allow":["GET"]}}],"collection":[{"href":"https:\/\/isbmmolding.com\/vi\/wp-json\/wp\/v2\/pages"}],"about":[{"href":"https:\/\/isbmmolding.com\/vi\/wp-json\/wp\/v2\/types\/page"}],"author":[{"embeddable":true,"href":"https:\/\/isbmmolding.com\/vi\/wp-json\/wp\/v2\/users\/1"}],"replies":[{"embeddable":true,"href":"https:\/\/isbmmolding.com\/vi\/wp-json\/wp\/v2\/comments?post=493"}],"version-history":[{"count":2,"href":"https:\/\/isbmmolding.com\/vi\/wp-json\/wp\/v2\/pages\/493\/revisions"}],"predecessor-version":[{"id":495,"href":"https:\/\/isbmmolding.com\/vi\/wp-json\/wp\/v2\/pages\/493\/revisions\/495"}],"wp:attachment":[{"href":"https:\/\/isbmmolding.com\/vi\/wp-json\/wp\/v2\/media?parent=493"}],"curies":[{"name":"wp","href":"https:\/\/api.w.org\/{rel}","templated":true}]}}