{"id":493,"date":"2026-02-28T03:28:15","date_gmt":"2026-02-28T03:28:15","guid":{"rendered":"https:\/\/isbmmolding.com\/?page_id=493"},"modified":"2026-02-28T03:28:15","modified_gmt":"2026-02-28T03:28:15","slug":"contact-us","status":"publish","type":"page","link":"https:\/\/isbmmolding.com\/tr\/bize-ulasin\/","title":{"rendered":"Bize Ula\u015f\u0131n"},"content":{"rendered":"<h2><strong>Enjeksiyon Gerdirme \u015ei\u015firme Kal\u0131plama<\/strong><\/h2>\n<p>Enjeksiyonlu germe \u015fi\u015firme kal\u0131plama (ISBM) makinelerinin \u00f6nde gelen \u00fcreticilerinden, tedarik\u00e7ilerinden ve ihracat\u00e7\u0131lar\u0131ndan biri olarak, enjeksiyonlu germe \u015fi\u015firme kal\u0131plama (ISBM) makineleri ve daha bir\u00e7ok \u00fcr\u00fcn sunuyoruz.<\/p>\n<p>Ayr\u0131nt\u0131lar i\u00e7in l\u00fctfen bizimle ileti\u015fime ge\u00e7in.<\/p>\n<p><strong>Posta:\u00a0<a href=\"mailto:sales@isbmmolding.com\">sat\u0131\u015f@isbmmolding.com<\/a><\/strong><\/p>\n<p>Enjeksiyonlu germe \u015fi\u015firme kal\u0131plama (ISBM) \u00fcreticisi, tedarik\u00e7isi ve ihracat\u00e7\u0131s\u0131.<\/p>\n<p>&nbsp;<\/p>\n<p>Tar\u0131m makineleri i\u00e7in di\u015fli kutular\u0131, PTO milleri, di\u015fli \u00e7arklar, s\u0131v\u0131 kaplinler, sonsuz di\u015fli red\u00fckt\u00f6rleri, di\u015fliler ve kremayerler, makaral\u0131 zincirler, kasnaklar ve makaralar, planet di\u015fli kutular\u0131, zamanlama kasnaklar\u0131, mil bilezikleri ve daha fazlas\u0131n\u0131n \u00fcretiminde uzmanla\u015fm\u0131\u015f bulunuyoruz.<\/p>\n<p>\u00dcr\u00fcnlerimizi d\u00fcnyan\u0131n d\u00f6rt bir yan\u0131ndaki m\u00fc\u015fterilere ihra\u00e7 ettik ve \u00fcst\u00fcn \u00fcr\u00fcn kalitemiz ve sat\u0131\u015f sonras\u0131 hizmetlerimiz sayesinde iyi bir \u00fcne kavu\u015ftuk.<\/p>\n<p>Yurt i\u00e7i ve yurtd\u0131\u015f\u0131ndaki m\u00fc\u015fterilerimizi i\u015f g\u00f6r\u00fc\u015fmeleri yapmak, bilgi al\u0131\u015fveri\u015finde bulunmak ve bizimle i\u015f birli\u011fi yapmak \u00fczere bizimle ileti\u015fime ge\u00e7meye davet ediyoruz.<\/p>","protected":false},"excerpt":{"rendered":"<p>Injection Stretch Blow Moulding As one of the leading injection stretch blow moulding (ISBM) manufacturers, suppliers, and exporters of mechanical products, We offer injection stretch blow moulding (ISBM) and many other products. Please contact us for details. Mail:\u00a0sales@isbmmolding.com Manufacturer supplier exporter of injection stretch blow moulding (ISBM). &nbsp; We specialize in the production of Agricultural [&hellip;]<\/p>","protected":false},"author":1,"featured_media":0,"parent":0,"menu_order":0,"comment_status":"closed","ping_status":"closed","template":"","meta":{"_et_pb_use_builder":"","_et_pb_old_content":"","_et_gb_content_width":"","footnotes":""},"class_list":["post-493","page","type-page","status-publish","hentry"],"_links":{"self":[{"href":"https:\/\/isbmmolding.com\/tr\/wp-json\/wp\/v2\/pages\/493","targetHints":{"allow":["GET"]}}],"collection":[{"href":"https:\/\/isbmmolding.com\/tr\/wp-json\/wp\/v2\/pages"}],"about":[{"href":"https:\/\/isbmmolding.com\/tr\/wp-json\/wp\/v2\/types\/page"}],"author":[{"embeddable":true,"href":"https:\/\/isbmmolding.com\/tr\/wp-json\/wp\/v2\/users\/1"}],"replies":[{"embeddable":true,"href":"https:\/\/isbmmolding.com\/tr\/wp-json\/wp\/v2\/comments?post=493"}],"version-history":[{"count":2,"href":"https:\/\/isbmmolding.com\/tr\/wp-json\/wp\/v2\/pages\/493\/revisions"}],"predecessor-version":[{"id":495,"href":"https:\/\/isbmmolding.com\/tr\/wp-json\/wp\/v2\/pages\/493\/revisions\/495"}],"wp:attachment":[{"href":"https:\/\/isbmmolding.com\/tr\/wp-json\/wp\/v2\/media?parent=493"}],"curies":[{"name":"wp","href":"https:\/\/api.w.org\/{rel}","templated":true}]}}