{"id":493,"date":"2026-02-28T03:28:15","date_gmt":"2026-02-28T03:28:15","guid":{"rendered":"https:\/\/isbmmolding.com\/?page_id=493"},"modified":"2026-02-28T03:28:15","modified_gmt":"2026-02-28T03:28:15","slug":"contact-us","status":"publish","type":"page","link":"https:\/\/isbmmolding.com\/sv\/kontakta-oss\/","title":{"rendered":"Kontakta oss"},"content":{"rendered":"<h2><strong>Formsprutning av str\u00e4ckbl\u00e5sning<\/strong><\/h2>\n<p>Som en av de ledande tillverkarna, leverant\u00f6rerna och export\u00f6rerna av mekaniska produkter inom formsprutning och str\u00e4ckbl\u00e5sning (ISBM), erbjuder vi formsprutning och str\u00e4ckbl\u00e5sning (ISBM) och m\u00e5nga andra produkter.<\/p>\n<p>Kontakta oss f\u00f6r mer information.<\/p>\n<p><strong>Post:\u00a0<a href=\"mailto:sales@isbmmolding.com\">sales@isbmmolding.com<\/a><\/strong><\/p>\n<p>Tillverkare och leverant\u00f6r av formsprutning och str\u00e4ckbl\u00e5sning (ISBM).<\/p>\n<p>&nbsp;<\/p>\n<p>Vi specialiserar oss p\u00e5 produktion av jordbruksv\u00e4xell\u00e5dor, kraftuttagsaxlar, kedjehjul, v\u00e4tskekopplingar, sn\u00e4ckv\u00e4xlar, kugghjul och kuggst\u00e4nger, rullkedjor, trissor och remskivor, planetv\u00e4xell\u00e5dor, kamremskivor, axelkragar med mera.<\/p>\n<p>Vi har exporterat v\u00e5ra produkter till kunder \u00f6ver hela v\u00e4rlden och f\u00e5tt ett gott rykte tack vare v\u00e5r \u00f6verl\u00e4gsna produktkvalitet och eftermarknadsservice.<\/p>\n<p>Vi v\u00e4lkomnar varmt kunder b\u00e5de hemma och utomlands att kontakta oss f\u00f6r att f\u00f6rhandla aff\u00e4rer, utbyta information och samarbeta med oss.<\/p>","protected":false},"excerpt":{"rendered":"<p>Injection Stretch Blow Moulding As one of the leading injection stretch blow moulding (ISBM) manufacturers, suppliers, and exporters of mechanical products, We offer injection stretch blow moulding (ISBM) and many other products. Please contact us for details. Mail:\u00a0sales@isbmmolding.com Manufacturer supplier exporter of injection stretch blow moulding (ISBM). &nbsp; We specialize in the production of Agricultural [&hellip;]<\/p>","protected":false},"author":1,"featured_media":0,"parent":0,"menu_order":0,"comment_status":"closed","ping_status":"closed","template":"","meta":{"_et_pb_use_builder":"","_et_pb_old_content":"","_et_gb_content_width":"","footnotes":""},"class_list":["post-493","page","type-page","status-publish","hentry"],"_links":{"self":[{"href":"https:\/\/isbmmolding.com\/sv\/wp-json\/wp\/v2\/pages\/493","targetHints":{"allow":["GET"]}}],"collection":[{"href":"https:\/\/isbmmolding.com\/sv\/wp-json\/wp\/v2\/pages"}],"about":[{"href":"https:\/\/isbmmolding.com\/sv\/wp-json\/wp\/v2\/types\/page"}],"author":[{"embeddable":true,"href":"https:\/\/isbmmolding.com\/sv\/wp-json\/wp\/v2\/users\/1"}],"replies":[{"embeddable":true,"href":"https:\/\/isbmmolding.com\/sv\/wp-json\/wp\/v2\/comments?post=493"}],"version-history":[{"count":2,"href":"https:\/\/isbmmolding.com\/sv\/wp-json\/wp\/v2\/pages\/493\/revisions"}],"predecessor-version":[{"id":495,"href":"https:\/\/isbmmolding.com\/sv\/wp-json\/wp\/v2\/pages\/493\/revisions\/495"}],"wp:attachment":[{"href":"https:\/\/isbmmolding.com\/sv\/wp-json\/wp\/v2\/media?parent=493"}],"curies":[{"name":"wp","href":"https:\/\/api.w.org\/{rel}","templated":true}]}}