{"id":493,"date":"2026-02-28T03:28:15","date_gmt":"2026-02-28T03:28:15","guid":{"rendered":"https:\/\/isbmmolding.com\/?page_id=493"},"modified":"2026-02-28T03:28:15","modified_gmt":"2026-02-28T03:28:15","slug":"contact-us","status":"publish","type":"page","link":"https:\/\/isbmmolding.com\/pt\/contate-nos\/","title":{"rendered":"Contate-nos"},"content":{"rendered":"<h2><strong>Moldagem por inje\u00e7\u00e3o, estiramento e sopro<\/strong><\/h2>\n<p>Como um dos principais fabricantes, fornecedores e exportadores de produtos mec\u00e2nicos por moldagem por inje\u00e7\u00e3o e sopro (ISBM), oferecemos moldagem por inje\u00e7\u00e3o e sopro (ISBM) e muitos outros produtos.<\/p>\n<p>Entre em contato conosco para obter mais detalhes.<\/p>\n<p><strong>Correspond\u00eancia:\u00a0<a href=\"mailto:sales@isbmmolding.com\">vendas@isbmmolding.com<\/a><\/strong><\/p>\n<p>Fabricante, fornecedor e exportador de moldagem por inje\u00e7\u00e3o, estiramento e sopro (ISBM).<\/p>\n<p>&nbsp;<\/p>\n<p>Somos especializados na produ\u00e7\u00e3o de caixas de engrenagens agr\u00edcolas, eixos de tomada de for\u00e7a (TDF), rodas dentadas, acoplamentos hidr\u00e1ulicos, redutores de engrenagem sem-fim, engrenagens e cremalheiras, correntes de rolos, polias, caixas de engrenagens planet\u00e1rias, polias sincronizadoras, an\u00e9is de fixa\u00e7\u00e3o de eixos e muito mais.<\/p>\n<p>Exportamos nossos produtos para clientes em todo o mundo e conquistamos uma boa reputa\u00e7\u00e3o devido \u00e0 qualidade superior de nossos produtos e ao nosso servi\u00e7o p\u00f3s-venda.<\/p>\n<p>Recebemos com prazer clientes nacionais e internacionais para que entrem em contato conosco a fim de negociar neg\u00f3cios, trocar informa\u00e7\u00f5es e cooperar conosco.<\/p>","protected":false},"excerpt":{"rendered":"<p>Injection Stretch Blow Moulding As one of the leading injection stretch blow moulding (ISBM) manufacturers, suppliers, and exporters of mechanical products, We offer injection stretch blow moulding (ISBM) and many other products. Please contact us for details. Mail:\u00a0sales@isbmmolding.com Manufacturer supplier exporter of injection stretch blow moulding (ISBM). &nbsp; We specialize in the production of Agricultural [&hellip;]<\/p>","protected":false},"author":1,"featured_media":0,"parent":0,"menu_order":0,"comment_status":"closed","ping_status":"closed","template":"","meta":{"_et_pb_use_builder":"","_et_pb_old_content":"","_et_gb_content_width":"","footnotes":""},"class_list":["post-493","page","type-page","status-publish","hentry"],"_links":{"self":[{"href":"https:\/\/isbmmolding.com\/pt\/wp-json\/wp\/v2\/pages\/493","targetHints":{"allow":["GET"]}}],"collection":[{"href":"https:\/\/isbmmolding.com\/pt\/wp-json\/wp\/v2\/pages"}],"about":[{"href":"https:\/\/isbmmolding.com\/pt\/wp-json\/wp\/v2\/types\/page"}],"author":[{"embeddable":true,"href":"https:\/\/isbmmolding.com\/pt\/wp-json\/wp\/v2\/users\/1"}],"replies":[{"embeddable":true,"href":"https:\/\/isbmmolding.com\/pt\/wp-json\/wp\/v2\/comments?post=493"}],"version-history":[{"count":2,"href":"https:\/\/isbmmolding.com\/pt\/wp-json\/wp\/v2\/pages\/493\/revisions"}],"predecessor-version":[{"id":495,"href":"https:\/\/isbmmolding.com\/pt\/wp-json\/wp\/v2\/pages\/493\/revisions\/495"}],"wp:attachment":[{"href":"https:\/\/isbmmolding.com\/pt\/wp-json\/wp\/v2\/media?parent=493"}],"curies":[{"name":"wp","href":"https:\/\/api.w.org\/{rel}","templated":true}]}}