{"id":493,"date":"2026-02-28T03:28:15","date_gmt":"2026-02-28T03:28:15","guid":{"rendered":"https:\/\/isbmmolding.com\/?page_id=493"},"modified":"2026-02-28T03:28:15","modified_gmt":"2026-02-28T03:28:15","slug":"contact-us","status":"publish","type":"page","link":"https:\/\/isbmmolding.com\/pl\/skontaktuj-sie-z-nami\/","title":{"rendered":"Skontaktuj si\u0119 z nami"},"content":{"rendered":"<h2><strong>Formowanie wtryskowe z rozci\u0105ganiem i rozdmuchiwaniem<\/strong><\/h2>\n<p>Jako jeden z wiod\u0105cych producent\u00f3w, dostawc\u00f3w i eksporter\u00f3w wyrob\u00f3w mechanicznych wykorzystuj\u0105cych technologi\u0119 formowania wtryskowego z rozci\u0105ganiem i rozdmuchiwaniem (ISBM) oferujemy produkty wytwarzane metod\u0105 formowania wtryskowego z rozci\u0105ganiem i rozdmuchiwaniem (ISBM) oraz wiele innych produkt\u00f3w.<\/p>\n<p>Prosimy o kontakt celem uzyskania szczeg\u00f3\u0142owych informacji.<\/p>\n<p><strong>Poczta:\u00a0<a href=\"mailto:sales@isbmmolding.com\">sprzeda\u017c@isbmmolding.com<\/a><\/strong><\/p>\n<p>Producent i eksporter technologii formowania wtryskowego z rozci\u0105ganiem i rozdmuchiwaniem (ISBM).<\/p>\n<p>&nbsp;<\/p>\n<p>Specjalizujemy si\u0119 w produkcji przek\u0142adni rolniczych, wa\u0142k\u00f3w odbioru mocy, k\u00f3\u0142 \u0142a\u0144cuchowych, sprz\u0119gie\u0142 hydraulicznych, przek\u0142adni \u015blimakowych, k\u00f3\u0142 z\u0119batych i listew z\u0119batych, \u0142a\u0144cuch\u00f3w rolkowych, k\u00f3\u0142 pasowych i k\u00f3\u0142 pasowych, przek\u0142adni planetarnych, k\u00f3\u0142 pasowych rozrz\u0105du, ko\u0142nierzy wa\u0142\u00f3w i wielu innych.<\/p>\n<p>Eksportujemy nasze produkty do klient\u00f3w na ca\u0142ym \u015bwiecie i zyskali\u015bmy dobr\u0105 reputacj\u0119 dzi\u0119ki wysokiej jako\u015bci produkt\u00f3w i obs\u0142udze posprzeda\u017cowej.<\/p>\n<p>Serdecznie zapraszamy klient\u00f3w z kraju i zagranicy do kontaktu z nami w celu negocjacji handlowych, wymiany informacji i wsp\u00f3\u0142pracy.<\/p>","protected":false},"excerpt":{"rendered":"<p>Injection Stretch Blow Moulding As one of the leading injection stretch blow moulding (ISBM) manufacturers, suppliers, and exporters of mechanical products, We offer injection stretch blow moulding (ISBM) and many other products. Please contact us for details. Mail:\u00a0sales@isbmmolding.com Manufacturer supplier exporter of injection stretch blow moulding (ISBM). &nbsp; We specialize in the production of Agricultural [&hellip;]<\/p>","protected":false},"author":1,"featured_media":0,"parent":0,"menu_order":0,"comment_status":"closed","ping_status":"closed","template":"","meta":{"_et_pb_use_builder":"","_et_pb_old_content":"","_et_gb_content_width":"","footnotes":""},"class_list":["post-493","page","type-page","status-publish","hentry"],"_links":{"self":[{"href":"https:\/\/isbmmolding.com\/pl\/wp-json\/wp\/v2\/pages\/493","targetHints":{"allow":["GET"]}}],"collection":[{"href":"https:\/\/isbmmolding.com\/pl\/wp-json\/wp\/v2\/pages"}],"about":[{"href":"https:\/\/isbmmolding.com\/pl\/wp-json\/wp\/v2\/types\/page"}],"author":[{"embeddable":true,"href":"https:\/\/isbmmolding.com\/pl\/wp-json\/wp\/v2\/users\/1"}],"replies":[{"embeddable":true,"href":"https:\/\/isbmmolding.com\/pl\/wp-json\/wp\/v2\/comments?post=493"}],"version-history":[{"count":2,"href":"https:\/\/isbmmolding.com\/pl\/wp-json\/wp\/v2\/pages\/493\/revisions"}],"predecessor-version":[{"id":495,"href":"https:\/\/isbmmolding.com\/pl\/wp-json\/wp\/v2\/pages\/493\/revisions\/495"}],"wp:attachment":[{"href":"https:\/\/isbmmolding.com\/pl\/wp-json\/wp\/v2\/media?parent=493"}],"curies":[{"name":"wp","href":"https:\/\/api.w.org\/{rel}","templated":true}]}}