{"id":493,"date":"2026-02-28T03:28:15","date_gmt":"2026-02-28T03:28:15","guid":{"rendered":"https:\/\/isbmmolding.com\/?page_id=493"},"modified":"2026-02-28T03:28:15","modified_gmt":"2026-02-28T03:28:15","slug":"contact-us","status":"publish","type":"page","link":"https:\/\/isbmmolding.com\/fr\/contactez-nous\/","title":{"rendered":"Contactez-nous"},"content":{"rendered":"<h2><strong>Moulage par injection-\u00e9tirage-soufflage<\/strong><\/h2>\n<p>En tant que l'un des principaux fabricants, fournisseurs et exportateurs de produits m\u00e9caniques moul\u00e9s par injection-soufflage (ISBM), nous proposons le moulage par injection-soufflage (ISBM) et de nombreux autres produits.<\/p>\n<p>Veuillez nous contacter pour plus de d\u00e9tails.<\/p>\n<p><strong>Mail:\u00a0<a href=\"mailto:sales@isbmmolding.com\">ventes@isbmmolding.com<\/a><\/strong><\/p>\n<p>Fabricant, fournisseur et exportateur de moulage par injection-soufflage (ISBM).<\/p>\n<p>&nbsp;<\/p>\n<p>Nous sommes sp\u00e9cialis\u00e9s dans la production de bo\u00eetes de vitesses agricoles, d'arbres de prise de force, de pignons, d'accouplements hydrauliques, de r\u00e9ducteurs \u00e0 vis sans fin, d'engrenages et de cr\u00e9maill\u00e8res, de cha\u00eenes \u00e0 rouleaux, de poulies, de r\u00e9ducteurs plan\u00e9taires, de poulies de distribution, de colliers d'arbre, et bien plus encore.<\/p>\n<p>Nous avons export\u00e9 nos produits \u00e0 des clients du monde entier et avons acquis une excellente r\u00e9putation gr\u00e2ce \u00e0 la qualit\u00e9 sup\u00e9rieure de nos produits et \u00e0 notre service apr\u00e8s-vente.<\/p>\n<p>Nous invitons chaleureusement les clients, tant nationaux qu'\u00e9trangers, \u00e0 nous contacter pour n\u00e9gocier des affaires, \u00e9changer des informations et coop\u00e9rer avec nous.<\/p>","protected":false},"excerpt":{"rendered":"<p>Injection Stretch Blow Moulding As one of the leading injection stretch blow moulding (ISBM) manufacturers, suppliers, and exporters of mechanical products, We offer injection stretch blow moulding (ISBM) and many other products. Please contact us for details. Mail:\u00a0sales@isbmmolding.com Manufacturer supplier exporter of injection stretch blow moulding (ISBM). &nbsp; We specialize in the production of Agricultural [&hellip;]<\/p>","protected":false},"author":1,"featured_media":0,"parent":0,"menu_order":0,"comment_status":"closed","ping_status":"closed","template":"","meta":{"_et_pb_use_builder":"","_et_pb_old_content":"","_et_gb_content_width":"","footnotes":""},"class_list":["post-493","page","type-page","status-publish","hentry"],"_links":{"self":[{"href":"https:\/\/isbmmolding.com\/fr\/wp-json\/wp\/v2\/pages\/493","targetHints":{"allow":["GET"]}}],"collection":[{"href":"https:\/\/isbmmolding.com\/fr\/wp-json\/wp\/v2\/pages"}],"about":[{"href":"https:\/\/isbmmolding.com\/fr\/wp-json\/wp\/v2\/types\/page"}],"author":[{"embeddable":true,"href":"https:\/\/isbmmolding.com\/fr\/wp-json\/wp\/v2\/users\/1"}],"replies":[{"embeddable":true,"href":"https:\/\/isbmmolding.com\/fr\/wp-json\/wp\/v2\/comments?post=493"}],"version-history":[{"count":2,"href":"https:\/\/isbmmolding.com\/fr\/wp-json\/wp\/v2\/pages\/493\/revisions"}],"predecessor-version":[{"id":495,"href":"https:\/\/isbmmolding.com\/fr\/wp-json\/wp\/v2\/pages\/493\/revisions\/495"}],"wp:attachment":[{"href":"https:\/\/isbmmolding.com\/fr\/wp-json\/wp\/v2\/media?parent=493"}],"curies":[{"name":"wp","href":"https:\/\/api.w.org\/{rel}","templated":true}]}}