{"id":493,"date":"2026-02-28T03:28:15","date_gmt":"2026-02-28T03:28:15","guid":{"rendered":"https:\/\/isbmmolding.com\/?page_id=493"},"modified":"2026-02-28T03:28:15","modified_gmt":"2026-02-28T03:28:15","slug":"contact-us","status":"publish","type":"page","link":"https:\/\/isbmmolding.com\/es\/contactanos\/","title":{"rendered":"Cont\u00e1ctenos"},"content":{"rendered":"<h2><strong>Moldeo por inyecci\u00f3n, estirado y soplado<\/strong><\/h2>\n<p>Como uno de los principales fabricantes, proveedores y exportadores de productos mec\u00e1nicos de moldeo por inyecci\u00f3n, estiramiento y soplado (ISBM), ofrecemos moldeo por inyecci\u00f3n, estiramiento y soplado (ISBM) y muchos otros productos.<\/p>\n<p>Por favor p\u00f3ngase en contacto con nosotros para m\u00e1s detalles.<\/p>\n<p><strong>Correo:\u00a0<a href=\"mailto:sales@isbmmolding.com\">ventas@isbmmolding.com<\/a><\/strong><\/p>\n<p>Fabricante, proveedor y exportador de moldeo por inyecci\u00f3n, estirado y soplado (ISBM).<\/p>\n<p>&nbsp;<\/p>\n<p>Nos especializamos en la producci\u00f3n de cajas de engranajes agr\u00edcolas, ejes TDF, ruedas dentadas, acoplamientos de fluido, reductores de engranajes helicoidales, engranajes y cremalleras, cadenas de rodillos, poleas y poleas, cajas de engranajes planetarios, poleas de distribuci\u00f3n, collares de eje y m\u00e1s.<\/p>\n<p>Hemos exportado nuestros productos a clientes de todo el mundo y nos hemos ganado una buena reputaci\u00f3n debido a nuestra calidad superior de productos y servicio posventa.<\/p>\n<p>Damos una c\u00e1lida bienvenida a los clientes tanto nacionales como extranjeros para que se pongan en contacto con nosotros para negociar negocios, intercambiar informaci\u00f3n y cooperar con nosotros.<\/p>","protected":false},"excerpt":{"rendered":"<p>Injection Stretch Blow Moulding As one of the leading injection stretch blow moulding (ISBM) manufacturers, suppliers, and exporters of mechanical products, We offer injection stretch blow moulding (ISBM) and many other products. Please contact us for details. Mail:\u00a0sales@isbmmolding.com Manufacturer supplier exporter of injection stretch blow moulding (ISBM). &nbsp; We specialize in the production of Agricultural [&hellip;]<\/p>","protected":false},"author":1,"featured_media":0,"parent":0,"menu_order":0,"comment_status":"closed","ping_status":"closed","template":"","meta":{"_et_pb_use_builder":"","_et_pb_old_content":"","_et_gb_content_width":"","footnotes":""},"class_list":["post-493","page","type-page","status-publish","hentry"],"_links":{"self":[{"href":"https:\/\/isbmmolding.com\/es\/wp-json\/wp\/v2\/pages\/493","targetHints":{"allow":["GET"]}}],"collection":[{"href":"https:\/\/isbmmolding.com\/es\/wp-json\/wp\/v2\/pages"}],"about":[{"href":"https:\/\/isbmmolding.com\/es\/wp-json\/wp\/v2\/types\/page"}],"author":[{"embeddable":true,"href":"https:\/\/isbmmolding.com\/es\/wp-json\/wp\/v2\/users\/1"}],"replies":[{"embeddable":true,"href":"https:\/\/isbmmolding.com\/es\/wp-json\/wp\/v2\/comments?post=493"}],"version-history":[{"count":2,"href":"https:\/\/isbmmolding.com\/es\/wp-json\/wp\/v2\/pages\/493\/revisions"}],"predecessor-version":[{"id":495,"href":"https:\/\/isbmmolding.com\/es\/wp-json\/wp\/v2\/pages\/493\/revisions\/495"}],"wp:attachment":[{"href":"https:\/\/isbmmolding.com\/es\/wp-json\/wp\/v2\/media?parent=493"}],"curies":[{"name":"wp","href":"https:\/\/api.w.org\/{rel}","templated":true}]}}