{"id":493,"date":"2026-02-28T03:28:15","date_gmt":"2026-02-28T03:28:15","guid":{"rendered":"https:\/\/isbmmolding.com\/?page_id=493"},"modified":"2026-02-28T03:28:15","modified_gmt":"2026-02-28T03:28:15","slug":"contact-us","status":"publish","type":"page","link":"https:\/\/isbmmolding.com\/de\/kontaktieren-sie-uns\/","title":{"rendered":"Kontaktieren Sie uns"},"content":{"rendered":"<h2><strong>Spritzstreckblasformen<\/strong><\/h2>\n<p>Als einer der f\u00fchrenden Hersteller, Lieferanten und Exporteure von mechanischen Produkten im Bereich des Spritzstreckblasformens (ISBM) bieten wir Spritzstreckblasformen (ISBM) und viele weitere Produkte an.<\/p>\n<p>F\u00fcr weitere Informationen kontaktieren Sie uns bitte.<\/p>\n<p><strong>E-Mail:\u00a0<a href=\"mailto:sales@isbmmolding.com\">sales@isbmmolding.com<\/a><\/strong><\/p>\n<p>Hersteller, Lieferant und Exporteur von Spritzstreckblasformteilen (ISBM).<\/p>\n<p>&nbsp;<\/p>\n<p>Wir sind spezialisiert auf die Herstellung von Landwirtschaftsgetrieben, Zapfwellen, Kettenr\u00e4dern, Fl\u00fcssigkeitskupplungen, Schneckengetrieben, Zahnr\u00e4dern und Zahnstangen, Rollenketten, Riemenscheiben, Planetengetrieben, Zahnriemenscheiben, Wellenringen und mehr.<\/p>\n<p>Wir exportieren unsere Produkte an Kunden weltweit und haben uns dank unserer hervorragenden Produktqualit\u00e4t und unseres Kundendienstes einen guten Ruf erworben.<\/p>\n<p>Wir hei\u00dfen Kunden im In- und Ausland herzlich willkommen, mit uns Kontakt aufzunehmen, um \u00fcber Gesch\u00e4fte zu verhandeln, Informationen auszutauschen und mit uns zusammenzuarbeiten.<\/p>","protected":false},"excerpt":{"rendered":"<p>Injection Stretch Blow Moulding As one of the leading injection stretch blow moulding (ISBM) manufacturers, suppliers, and exporters of mechanical products, We offer injection stretch blow moulding (ISBM) and many other products. Please contact us for details. Mail:\u00a0sales@isbmmolding.com Manufacturer supplier exporter of injection stretch blow moulding (ISBM). &nbsp; We specialize in the production of Agricultural [&hellip;]<\/p>","protected":false},"author":1,"featured_media":0,"parent":0,"menu_order":0,"comment_status":"closed","ping_status":"closed","template":"","meta":{"_et_pb_use_builder":"","_et_pb_old_content":"","_et_gb_content_width":"","footnotes":""},"class_list":["post-493","page","type-page","status-publish","hentry"],"_links":{"self":[{"href":"https:\/\/isbmmolding.com\/de\/wp-json\/wp\/v2\/pages\/493","targetHints":{"allow":["GET"]}}],"collection":[{"href":"https:\/\/isbmmolding.com\/de\/wp-json\/wp\/v2\/pages"}],"about":[{"href":"https:\/\/isbmmolding.com\/de\/wp-json\/wp\/v2\/types\/page"}],"author":[{"embeddable":true,"href":"https:\/\/isbmmolding.com\/de\/wp-json\/wp\/v2\/users\/1"}],"replies":[{"embeddable":true,"href":"https:\/\/isbmmolding.com\/de\/wp-json\/wp\/v2\/comments?post=493"}],"version-history":[{"count":2,"href":"https:\/\/isbmmolding.com\/de\/wp-json\/wp\/v2\/pages\/493\/revisions"}],"predecessor-version":[{"id":495,"href":"https:\/\/isbmmolding.com\/de\/wp-json\/wp\/v2\/pages\/493\/revisions\/495"}],"wp:attachment":[{"href":"https:\/\/isbmmolding.com\/de\/wp-json\/wp\/v2\/media?parent=493"}],"curies":[{"name":"wp","href":"https:\/\/api.w.org\/{rel}","templated":true}]}}